{"id":24016,"date":"2026-03-02T05:17:35","date_gmt":"2026-03-02T04:17:35","guid":{"rendered":"https:\/\/forum-photovoltaik.de\/photovoltaikforum\/add-listing\/"},"modified":"2026-03-03T04:40:32","modified_gmt":"2026-03-03T03:40:32","slug":"add-listing","status":"publish","type":"page","link":"https:\/\/forum-photovoltaik.de\/photovoltaikforum\/add-listing\/","title":{"rendered":"Anzeige kostenlos aufgeben"},"content":{"rendered":"\n<p>Bitte f\u00fcllen Sie das Formular vollst\u00e4ndig aus, damit wir Ihre Anzeige schnell und korrekt ver\u00f6ffentlichen k\u00f6nnen.<\/p>\n\n\n                <section class=\"directory_wrapper single_area\">\n                                <div class=\"notice_wrapper\">\n                <div class=\"directorist-alert directorist-alert-warning\"><i class=\"directorist-icon-mask\" aria-hidden=\"true\" style=\"--directorist-icon: url(https:\/\/forum-photovoltaik.de\/photovoltaikforum\/wp-content\/plugins\/directorist\/assets\/icons\/line-awesome\/svgs\/info-circle-solid.svg)\"><\/i> Sie m\u00fcssen eingeloggt sein, um den Inhalt dieser Seite zu sehen. Sie k\u00f6nnen sich anmelden\/registrieren <a href='https:\/\/forum-photovoltaik.de\/photovoltaikforum\/dashboard\/'> Hier<\/a>.<\/div>\n            <\/div>\n                            <\/section>\n                \n\n\n<p><\/p>\n","protected":false},"excerpt":{"rendered":"<p>Bitte f\u00fcllen Sie das Formular vollst\u00e4ndig aus, damit wir Ihre Anzeige schnell und korrekt ver\u00f6ffentlichen k\u00f6nnen.<\/p>\n","protected":false},"author":1,"featured_media":0,"parent":0,"menu_order":0,"comment_status":"closed","ping_status":"closed","template":"","meta":{"footnotes":""},"class_list":["post-24016","page","type-page","status-publish","hentry"],"yoast_head":"<!-- This site is optimized with the Yoast SEO plugin v27.4 - https:\/\/yoast.com\/product\/yoast-seo-wordpress\/ -->\n<title>Anzeige kostenlos aufgeben - Erfahrungen im Solarforum<\/title>\n<meta name=\"description\" content=\"Anzeige kostenlos aufgeben - Erfahrungen im Solarforum\" \/>\n<meta name=\"robots\" content=\"index, follow, max-snippet:-1, max-image-preview:large, max-video-preview:-1\" \/>\n<link rel=\"canonical\" href=\"https:\/\/forum-photovoltaik.de\/photovoltaikforum\/add-listing\/\" \/>\n<meta property=\"og:locale\" content=\"de_DE\" \/>\n<meta property=\"og:type\" content=\"article\" \/>\n<meta property=\"og:title\" content=\"Anzeige kostenlos aufgeben - Erfahrungen im Solarforum\" \/>\n<meta property=\"og:description\" content=\"Anzeige kostenlos aufgeben - Erfahrungen im Solarforum\" \/>\n<meta property=\"og:url\" content=\"https:\/\/forum-photovoltaik.de\/photovoltaikforum\/add-listing\/\" \/>\n<meta property=\"og:site_name\" content=\"Erfahrungen im Solarforum\" \/>\n<meta property=\"article:modified_time\" content=\"2026-03-03T03:40:32+00:00\" \/>\n<meta name=\"twitter:card\" content=\"summary_large_image\" \/>\n<script type=\"application\/ld+json\" class=\"yoast-schema-graph\">{\"@context\":\"https:\\\/\\\/schema.org\",\"@graph\":[{\"@type\":\"WebPage\",\"@id\":\"https:\\\/\\\/forum-photovoltaik.de\\\/photovoltaikforum\\\/add-listing\\\/\",\"url\":\"https:\\\/\\\/forum-photovoltaik.de\\\/photovoltaikforum\\\/add-listing\\\/\",\"name\":\"Anzeige kostenlos aufgeben - Erfahrungen im Solarforum\",\"isPartOf\":{\"@id\":\"https:\\\/\\\/forum-photovoltaik.de\\\/photovoltaikforum\\\/#website\"},\"datePublished\":\"2026-03-02T04:17:35+00:00\",\"dateModified\":\"2026-03-03T03:40:32+00:00\",\"description\":\"Anzeige kostenlos aufgeben - Erfahrungen im Solarforum\",\"breadcrumb\":{\"@id\":\"https:\\\/\\\/forum-photovoltaik.de\\\/photovoltaikforum\\\/add-listing\\\/#breadcrumb\"},\"inLanguage\":\"de\",\"potentialAction\":[{\"@type\":\"ReadAction\",\"target\":[\"https:\\\/\\\/forum-photovoltaik.de\\\/photovoltaikforum\\\/add-listing\\\/\"]}]},{\"@type\":\"BreadcrumbList\",\"@id\":\"https:\\\/\\\/forum-photovoltaik.de\\\/photovoltaikforum\\\/add-listing\\\/#breadcrumb\",\"itemListElement\":[{\"@type\":\"ListItem\",\"position\":1,\"name\":\"Start\",\"item\":\"https:\\\/\\\/forum-photovoltaik.de\\\/photovoltaikforum\\\/\"},{\"@type\":\"ListItem\",\"position\":2,\"name\":\"Anzeige kostenlos aufgeben\"}]},{\"@type\":\"WebSite\",\"@id\":\"https:\\\/\\\/forum-photovoltaik.de\\\/photovoltaikforum\\\/#website\",\"url\":\"https:\\\/\\\/forum-photovoltaik.de\\\/photovoltaikforum\\\/\",\"name\":\"Photovoltaikforum\",\"description\":\"Meinungsfreiheit und Austausch zum Thema Solar\",\"potentialAction\":[{\"@type\":\"SearchAction\",\"target\":{\"@type\":\"EntryPoint\",\"urlTemplate\":\"https:\\\/\\\/forum-photovoltaik.de\\\/photovoltaikforum\\\/?s={search_term_string}\"},\"query-input\":{\"@type\":\"PropertyValueSpecification\",\"valueRequired\":true,\"valueName\":\"search_term_string\"}}],\"inLanguage\":\"de\"}]}<\/script>\n<!-- \/ Yoast SEO plugin. -->","yoast_head_json":{"title":"Anzeige kostenlos aufgeben - Erfahrungen im Solarforum","description":"Anzeige kostenlos aufgeben - Erfahrungen im Solarforum","robots":{"index":"index","follow":"follow","max-snippet":"max-snippet:-1","max-image-preview":"max-image-preview:large","max-video-preview":"max-video-preview:-1"},"canonical":"https:\/\/forum-photovoltaik.de\/photovoltaikforum\/add-listing\/","og_locale":"de_DE","og_type":"article","og_title":"Anzeige kostenlos aufgeben - Erfahrungen im Solarforum","og_description":"Anzeige kostenlos aufgeben - Erfahrungen im Solarforum","og_url":"https:\/\/forum-photovoltaik.de\/photovoltaikforum\/add-listing\/","og_site_name":"Erfahrungen im Solarforum","article_modified_time":"2026-03-03T03:40:32+00:00","twitter_card":"summary_large_image","schema":{"@context":"https:\/\/schema.org","@graph":[{"@type":"WebPage","@id":"https:\/\/forum-photovoltaik.de\/photovoltaikforum\/add-listing\/","url":"https:\/\/forum-photovoltaik.de\/photovoltaikforum\/add-listing\/","name":"Anzeige kostenlos aufgeben - Erfahrungen im Solarforum","isPartOf":{"@id":"https:\/\/forum-photovoltaik.de\/photovoltaikforum\/#website"},"datePublished":"2026-03-02T04:17:35+00:00","dateModified":"2026-03-03T03:40:32+00:00","description":"Anzeige kostenlos aufgeben - Erfahrungen im Solarforum","breadcrumb":{"@id":"https:\/\/forum-photovoltaik.de\/photovoltaikforum\/add-listing\/#breadcrumb"},"inLanguage":"de","potentialAction":[{"@type":"ReadAction","target":["https:\/\/forum-photovoltaik.de\/photovoltaikforum\/add-listing\/"]}]},{"@type":"BreadcrumbList","@id":"https:\/\/forum-photovoltaik.de\/photovoltaikforum\/add-listing\/#breadcrumb","itemListElement":[{"@type":"ListItem","position":1,"name":"Start","item":"https:\/\/forum-photovoltaik.de\/photovoltaikforum\/"},{"@type":"ListItem","position":2,"name":"Anzeige kostenlos aufgeben"}]},{"@type":"WebSite","@id":"https:\/\/forum-photovoltaik.de\/photovoltaikforum\/#website","url":"https:\/\/forum-photovoltaik.de\/photovoltaikforum\/","name":"Photovoltaikforum","description":"Meinungsfreiheit und Austausch zum Thema Solar","potentialAction":[{"@type":"SearchAction","target":{"@type":"EntryPoint","urlTemplate":"https:\/\/forum-photovoltaik.de\/photovoltaikforum\/?s={search_term_string}"},"query-input":{"@type":"PropertyValueSpecification","valueRequired":true,"valueName":"search_term_string"}}],"inLanguage":"de"}]}},"_links":{"self":[{"href":"https:\/\/forum-photovoltaik.de\/photovoltaikforum\/wp-json\/wp\/v2\/pages\/24016","targetHints":{"allow":["GET"]}}],"collection":[{"href":"https:\/\/forum-photovoltaik.de\/photovoltaikforum\/wp-json\/wp\/v2\/pages"}],"about":[{"href":"https:\/\/forum-photovoltaik.de\/photovoltaikforum\/wp-json\/wp\/v2\/types\/page"}],"author":[{"embeddable":true,"href":"https:\/\/forum-photovoltaik.de\/photovoltaikforum\/wp-json\/wp\/v2\/users\/1"}],"replies":[{"embeddable":true,"href":"https:\/\/forum-photovoltaik.de\/photovoltaikforum\/wp-json\/wp\/v2\/comments?post=24016"}],"version-history":[{"count":0,"href":"https:\/\/forum-photovoltaik.de\/photovoltaikforum\/wp-json\/wp\/v2\/pages\/24016\/revisions"}],"wp:attachment":[{"href":"https:\/\/forum-photovoltaik.de\/photovoltaikforum\/wp-json\/wp\/v2\/media?parent=24016"}],"curies":[{"name":"wp","href":"https:\/\/api.w.org\/{rel}","templated":true}]}}